{"id":3391,"date":"2019-09-11T13:53:48","date_gmt":"2019-09-11T16:53:48","guid":{"rendered":"http:\/\/producaostudio.com.br\/criarte\/?page_id=3391"},"modified":"2019-09-11T14:01:19","modified_gmt":"2019-09-11T17:01:19","slug":"sobre-nos","status":"publish","type":"page","link":"https:\/\/criartescadas.com.br\/?page_id=3391","title":{"rendered":"Sobre N\u00f3s"},"content":{"rendered":"<div class=\"flex_column av_three_fifth  flex_column_div av-zero-column-padding first  avia-builder-el-0  el_before_av_two_fifth  avia-builder-el-first  \" style='border-radius:0px; '><p><div style='padding-bottom:10px; ' class='av-special-heading av-special-heading-h2    avia-builder-el-1  el_before_av_textblock  avia-builder-el-first   '><h2 class='av-special-heading-tag '  itemprop=\"headline\"  >Sobre N\u00f3s<\/h2><div class='special-heading-border'><div class='special-heading-inner-border' ><\/div><\/div><\/div><br \/>\n<section class=\"av_textblock_section \"  itemscope=\"itemscope\" itemtype=\"https:\/\/schema.org\/CreativeWork\" ><div class='avia_textblock  '  style='font-size:16px; '  itemprop=\"text\" ><p style=\"text-align: justify; text-justify: inter-word;\"><strong>Criartescadas Escadas Pr\u00e9 Moldadas<\/strong>\u00a0e Constru\u00e7\u00e3o Civil destaca-se no mercado pelo acabamento em suas escadas pr\u00e9 moldadas e pela m\u00e3o de obra especializada de seus t\u00e9cnicos e funcion\u00e1rios.<br \/>\n<strong>Projetamos e executamos\u00a0<\/strong>os mais variados tipos e modelos de escadas em concreto.<br \/>\nDegraus fabricados em moldes, permitindo um acabamento do concreto aparente perfeito tais como: Madeira, Granito, Pintura, laqueamento, envelhecimento, emborrachamento, entre outros.<br \/>\nEscada Pr\u00e9 Moldada Caracol, Escada Pr\u00e9 Moldada em C, Escada Pr\u00e9 Moldada em L, Esacada Pr\u00e9 Moldada em U, Escada Pr\u00e9 Moldada Reta, Escada Pr\u00e9 Moldada Semi Caracol, Esacada Pr\u00e9 Moldada Semi Caracol com L, Esacada Pr\u00e9 Moldada Semi Caracol com L e U.<\/p>\n<\/div><\/section><br \/>\n<section class=\"av_textblock_section \"  itemscope=\"itemscope\" itemtype=\"https:\/\/schema.org\/CreativeWork\" ><div class='avia_textblock  '   itemprop=\"text\" ><p><img loading=\"lazy\" decoding=\"async\" class=\" wp-image-10 aligncenter\" src=\"http:\/\/criartescadas.com.br\/wp-content\/uploads\/2019\/09\/logo-criart-para-o-site.png\" alt=\"\" width=\"307\" height=\"94\" \/><\/p>\n<\/div><\/section><\/p><\/div><div class=\"flex_column av_two_fifth  flex_column_div av-zero-column-padding   avia-builder-el-4  el_after_av_three_fifth  avia-builder-el-last  \" style='border-radius:0px; '><section class=\"av_textblock_section \"  itemscope=\"itemscope\" itemtype=\"https:\/\/schema.org\/CreativeWork\" ><div class='avia_textblock  '   itemprop=\"text\" ><p><img loading=\"lazy\" decoding=\"async\" class=\"alignnone  wp-image-3392\" src=\"http:\/\/criartescadas.com.br\/wp-content\/uploads\/2019\/09\/escada_sobreno\u0301s_criartescada-225x300.jpg\" alt=\"\" width=\"398\" height=\"531\" srcset=\"https:\/\/criartescadas.com.br\/wp-content\/uploads\/2019\/09\/escada_sobreno\u0301s_criartescada-225x300.jpg 225w, https:\/\/criartescadas.com.br\/wp-content\/uploads\/2019\/09\/escada_sobreno\u0301s_criartescada-450x599.jpg 450w, https:\/\/criartescadas.com.br\/wp-content\/uploads\/2019\/09\/escada_sobreno\u0301s_criartescada.jpg 640w\" sizes=\"auto, (max-width: 398px) 100vw, 398px\" \/><\/p>\n<\/div><\/section><\/div><\/p>\n","protected":false},"excerpt":{"rendered":"","protected":false},"author":1,"featured_media":0,"parent":0,"menu_order":0,"comment_status":"closed","ping_status":"closed","template":"","meta":{"footnotes":""},"class_list":["post-3391","page","type-page","status-publish","hentry"],"yoast_head":"<!-- This site is optimized with the Yoast SEO plugin v26.9 - https:\/\/yoast.com\/product\/yoast-seo-wordpress\/ -->\n<title>Sobre N\u00f3s - Criartescadas | Escadas Pr\u00e9 Moldadas<\/title>\n<meta name=\"robots\" content=\"index, follow, max-snippet:-1, max-image-preview:large, max-video-preview:-1\" \/>\n<link rel=\"canonical\" href=\"https:\/\/criartescadas.com.br\/?page_id=3391\" \/>\n<meta property=\"og:locale\" content=\"pt_BR\" \/>\n<meta property=\"og:type\" content=\"article\" \/>\n<meta property=\"og:title\" content=\"Sobre N\u00f3s - Criartescadas | Escadas Pr\u00e9 Moldadas\" \/>\n<meta property=\"og:url\" content=\"https:\/\/criartescadas.com.br\/?page_id=3391\" \/>\n<meta property=\"og:site_name\" content=\"Criartescadas | Escadas Pr\u00e9 Moldadas\" \/>\n<meta property=\"article:modified_time\" content=\"2019-09-11T17:01:19+00:00\" \/>\n<meta property=\"og:image\" content=\"http:\/\/criartescadas.com.br\/wp-content\/uploads\/2019\/09\/logo-criart-para-o-site.png\" \/>\n<meta name=\"twitter:card\" content=\"summary_large_image\" \/>\n<meta name=\"twitter:label1\" content=\"Est. tempo de leitura\" \/>\n\t<meta name=\"twitter:data1\" content=\"2 minutos\" \/>\n<script type=\"application\/ld+json\" class=\"yoast-schema-graph\">{\"@context\":\"https:\/\/schema.org\",\"@graph\":[{\"@type\":\"WebPage\",\"@id\":\"https:\/\/criartescadas.com.br\/?page_id=3391\",\"url\":\"https:\/\/criartescadas.com.br\/?page_id=3391\",\"name\":\"Sobre N\u00f3s - Criartescadas | Escadas Pr\u00e9 Moldadas\",\"isPartOf\":{\"@id\":\"https:\/\/criartescadas.com.br\/#website\"},\"primaryImageOfPage\":{\"@id\":\"https:\/\/criartescadas.com.br\/?page_id=3391#primaryimage\"},\"image\":{\"@id\":\"https:\/\/criartescadas.com.br\/?page_id=3391#primaryimage\"},\"thumbnailUrl\":\"http:\/\/criartescadas.com.br\/wp-content\/uploads\/2019\/09\/logo-criart-para-o-site.png\",\"datePublished\":\"2019-09-11T16:53:48+00:00\",\"dateModified\":\"2019-09-11T17:01:19+00:00\",\"breadcrumb\":{\"@id\":\"https:\/\/criartescadas.com.br\/?page_id=3391#breadcrumb\"},\"inLanguage\":\"pt-BR\",\"potentialAction\":[{\"@type\":\"ReadAction\",\"target\":[\"https:\/\/criartescadas.com.br\/?page_id=3391\"]}]},{\"@type\":\"ImageObject\",\"inLanguage\":\"pt-BR\",\"@id\":\"https:\/\/criartescadas.com.br\/?page_id=3391#primaryimage\",\"url\":\"http:\/\/criartescadas.com.br\/wp-content\/uploads\/2019\/09\/logo-criart-para-o-site.png\",\"contentUrl\":\"http:\/\/criartescadas.com.br\/wp-content\/uploads\/2019\/09\/logo-criart-para-o-site.png\"},{\"@type\":\"BreadcrumbList\",\"@id\":\"https:\/\/criartescadas.com.br\/?page_id=3391#breadcrumb\",\"itemListElement\":[{\"@type\":\"ListItem\",\"position\":1,\"name\":\"In\u00edcio\",\"item\":\"https:\/\/criartescadas.com.br\/?page_id=734\"},{\"@type\":\"ListItem\",\"position\":2,\"name\":\"Sobre N\u00f3s\"}]},{\"@type\":\"WebSite\",\"@id\":\"https:\/\/criartescadas.com.br\/#website\",\"url\":\"https:\/\/criartescadas.com.br\/\",\"name\":\"Criartescadas | Escadas Pr\u00e9 Moldadas\",\"description\":\"Escadas Pr\u00e9 Moldadas\",\"potentialAction\":[{\"@type\":\"SearchAction\",\"target\":{\"@type\":\"EntryPoint\",\"urlTemplate\":\"https:\/\/criartescadas.com.br\/?s={search_term_string}\"},\"query-input\":{\"@type\":\"PropertyValueSpecification\",\"valueRequired\":true,\"valueName\":\"search_term_string\"}}],\"inLanguage\":\"pt-BR\"}]}<\/script>\n<!-- \/ Yoast SEO plugin. -->","yoast_head_json":{"title":"Sobre N\u00f3s - Criartescadas | Escadas Pr\u00e9 Moldadas","robots":{"index":"index","follow":"follow","max-snippet":"max-snippet:-1","max-image-preview":"max-image-preview:large","max-video-preview":"max-video-preview:-1"},"canonical":"https:\/\/criartescadas.com.br\/?page_id=3391","og_locale":"pt_BR","og_type":"article","og_title":"Sobre N\u00f3s - Criartescadas | Escadas Pr\u00e9 Moldadas","og_url":"https:\/\/criartescadas.com.br\/?page_id=3391","og_site_name":"Criartescadas | Escadas Pr\u00e9 Moldadas","article_modified_time":"2019-09-11T17:01:19+00:00","og_image":[{"url":"http:\/\/criartescadas.com.br\/wp-content\/uploads\/2019\/09\/logo-criart-para-o-site.png","type":"","width":"","height":""}],"twitter_card":"summary_large_image","twitter_misc":{"Est. tempo de leitura":"2 minutos"},"schema":{"@context":"https:\/\/schema.org","@graph":[{"@type":"WebPage","@id":"https:\/\/criartescadas.com.br\/?page_id=3391","url":"https:\/\/criartescadas.com.br\/?page_id=3391","name":"Sobre N\u00f3s - Criartescadas | Escadas Pr\u00e9 Moldadas","isPartOf":{"@id":"https:\/\/criartescadas.com.br\/#website"},"primaryImageOfPage":{"@id":"https:\/\/criartescadas.com.br\/?page_id=3391#primaryimage"},"image":{"@id":"https:\/\/criartescadas.com.br\/?page_id=3391#primaryimage"},"thumbnailUrl":"http:\/\/criartescadas.com.br\/wp-content\/uploads\/2019\/09\/logo-criart-para-o-site.png","datePublished":"2019-09-11T16:53:48+00:00","dateModified":"2019-09-11T17:01:19+00:00","breadcrumb":{"@id":"https:\/\/criartescadas.com.br\/?page_id=3391#breadcrumb"},"inLanguage":"pt-BR","potentialAction":[{"@type":"ReadAction","target":["https:\/\/criartescadas.com.br\/?page_id=3391"]}]},{"@type":"ImageObject","inLanguage":"pt-BR","@id":"https:\/\/criartescadas.com.br\/?page_id=3391#primaryimage","url":"http:\/\/criartescadas.com.br\/wp-content\/uploads\/2019\/09\/logo-criart-para-o-site.png","contentUrl":"http:\/\/criartescadas.com.br\/wp-content\/uploads\/2019\/09\/logo-criart-para-o-site.png"},{"@type":"BreadcrumbList","@id":"https:\/\/criartescadas.com.br\/?page_id=3391#breadcrumb","itemListElement":[{"@type":"ListItem","position":1,"name":"In\u00edcio","item":"https:\/\/criartescadas.com.br\/?page_id=734"},{"@type":"ListItem","position":2,"name":"Sobre N\u00f3s"}]},{"@type":"WebSite","@id":"https:\/\/criartescadas.com.br\/#website","url":"https:\/\/criartescadas.com.br\/","name":"Criartescadas | Escadas Pr\u00e9 Moldadas","description":"Escadas Pr\u00e9 Moldadas","potentialAction":[{"@type":"SearchAction","target":{"@type":"EntryPoint","urlTemplate":"https:\/\/criartescadas.com.br\/?s={search_term_string}"},"query-input":{"@type":"PropertyValueSpecification","valueRequired":true,"valueName":"search_term_string"}}],"inLanguage":"pt-BR"}]}},"_links":{"self":[{"href":"https:\/\/criartescadas.com.br\/index.php?rest_route=\/wp\/v2\/pages\/3391","targetHints":{"allow":["GET"]}}],"collection":[{"href":"https:\/\/criartescadas.com.br\/index.php?rest_route=\/wp\/v2\/pages"}],"about":[{"href":"https:\/\/criartescadas.com.br\/index.php?rest_route=\/wp\/v2\/types\/page"}],"author":[{"embeddable":true,"href":"https:\/\/criartescadas.com.br\/index.php?rest_route=\/wp\/v2\/users\/1"}],"replies":[{"embeddable":true,"href":"https:\/\/criartescadas.com.br\/index.php?rest_route=%2Fwp%2Fv2%2Fcomments&post=3391"}],"version-history":[{"count":13,"href":"https:\/\/criartescadas.com.br\/index.php?rest_route=\/wp\/v2\/pages\/3391\/revisions"}],"predecessor-version":[{"id":3405,"href":"https:\/\/criartescadas.com.br\/index.php?rest_route=\/wp\/v2\/pages\/3391\/revisions\/3405"}],"wp:attachment":[{"href":"https:\/\/criartescadas.com.br\/index.php?rest_route=%2Fwp%2Fv2%2Fmedia&parent=3391"}],"curies":[{"name":"wp","href":"https:\/\/api.w.org\/{rel}","templated":true}]}}