{"id":734,"date":"2013-04-01T15:37:54","date_gmt":"2013-04-01T15:37:54","guid":{"rendered":"http:\/\/www.kriesi.at\/themes\/enfold\/?page_id=734"},"modified":"2025-05-08T11:24:11","modified_gmt":"2025-05-08T14:24:11","slug":"homepage","status":"publish","type":"page","link":"https:\/\/criartescadas.com.br\/","title":{"rendered":"Homepage"},"content":{"rendered":"<div  data-size='featured'  data-lightbox_size='large'  data-animation='slide'  data-conditional_play=''  data-ids='3299,3300'  data-video_counter='0'  data-autoplay='true'  data-bg_slider='false'  data-slide_height=''  data-handle='av_slideshow'  data-interval='5'  data-class=' avia-builder-el-0  el_before_av_one_full  avia-builder-el-first   '  data-css_id=''  data-scroll_down=''  data-control_layout='av-control-default'  data-custom_markup=''  data-perma_caption=''  data-autoplay_stopper=''  data-image_attachment=''  data-min_height='0px'  data-default-height='28.666666666667'  class='avia-slideshow avia-slideshow-1  av-control-default av-default-height-applied avia-slideshow-featured av_slideshow  avia-builder-el-0  el_before_av_one_full  avia-builder-el-first    avia-slide-slider '  itemprop=\"image\" itemscope=\"itemscope\" itemtype=\"https:\/\/schema.org\/ImageObject\" ><ul class='avia-slideshow-inner ' style='padding-bottom: 34.188034188034%;' ><li  class=' slide-1 ' ><div data-rel='slideshow-1' class='avia-slide-wrap '   ><img src='https:\/\/criartescadas.com.br\/wp-content\/uploads\/2019\/09\/Banner-dois.jpg' width='1170' height='400' title='Banner-dois' alt=''  itemprop=\"thumbnailUrl\"   \/><\/div><\/li><li  class=' slide-2 ' ><div data-rel='slideshow-1' class='avia-slide-wrap '   ><img src='https:\/\/criartescadas.com.br\/wp-content\/uploads\/2019\/09\/Banner-um.jpg' width='1170' height='400' title='Banner-um' alt=''  itemprop=\"thumbnailUrl\"   \/><\/div><\/li><\/ul><div class='avia-slideshow-arrows avia-slideshow-controls'><a href='#prev' class='prev-slide' aria-hidden='true' data-av_icon='\ue87c' data-av_iconfont='entypo-fontello'>Anterior<\/a><a href='#next' class='next-slide' aria-hidden='true' data-av_icon='\ue87d' data-av_iconfont='entypo-fontello'>Pr\u00f3ximo<\/a><\/div><div class='avia-slideshow-dots avia-slideshow-controls'><a href='#1' class='goto-slide active' >1<\/a><a href='#2' class='goto-slide ' >2<\/a><\/div><\/div>\n<div class=\"flex_column av_one_full  flex_column_div av-zero-column-padding first  avia-builder-el-1  el_after_av_slideshow  el_before_av_one_third  \" style='border-radius:0px; '><p><div style='padding-bottom:10px; color:#0070e8;font-size:30px;' class='av-special-heading av-special-heading-h1 custom-color-heading blockquote modern-quote modern-centered  avia-builder-el-2  el_before_av_textblock  avia-builder-el-first   av-inherit-size '><h1 class='av-special-heading-tag '  itemprop=\"headline\"  >Criartescadas | Escadas Pr\u00e9 Moldadas<\/h1><div class='special-heading-border'><div class='special-heading-inner-border' style='border-color:#0070e8'><\/div><\/div><\/div><br \/>\n<section class=\"av_textblock_section \"  itemscope=\"itemscope\" itemtype=\"https:\/\/schema.org\/CreativeWork\" ><div class='avia_textblock  '   itemprop=\"text\" ><p style=\"text-align: center;\">A\u00a0<strong>Criart Escadas<\/strong>\u00a0\u00e9 uma fabricante especializada em escadas pr\u00e9 moldadas que tem como objetivo facilitar a realiza\u00e7\u00e3o dos seus projetos, adaptando dentro das possibilidades seus desenhos nos mais diversos ambientes, alcan\u00e7ando assim seus ideais. De forma competente, vers\u00e1til e tradicional trabalham seus t\u00e9cnicos e especialistas.<br \/>\nDurante os anos de aplica\u00e7\u00e3o tivemos a oportunidade de trabalhar com os mais variados modelos de escadas, atendendo assim um amplo sistema de mercado: residencial, comercial, industrial, entre outros.<br \/>\nA\u00a0<strong>Criart Escadas<\/strong>\u00a0oferece o modelo de escada que voc\u00ea necessita para o seu ambiente.<\/p>\n<\/div><\/section><br \/>\n<div style='padding-bottom:10px; color:#0070e8;font-size:24px;' class='av-special-heading av-special-heading-h2 custom-color-heading blockquote modern-quote modern-centered  avia-builder-el-4  el_after_av_textblock  avia-builder-el-last   av-inherit-size '><h2 class='av-special-heading-tag '  itemprop=\"headline\"  >Telefones  <a href=\u2018tel:21966307559\u2019>21 96630-7559<\/a> (Tel \/ WhatsApp)<\/h2><div class='special-heading-border'><div class='special-heading-inner-border' style='border-color:#0070e8'><\/div><\/div><\/div><\/p><\/div><div class=\"flex_column av_one_third  flex_column_div first  avia-builder-el-5  el_after_av_one_full  el_before_av_one_third  column-top-margin\" ><p><div class='avia-image-container  av-styling-    avia-builder-el-6  el_before_av_heading  avia-builder-el-first   avia-align-center '  itemprop=\"image\" itemscope=\"itemscope\" itemtype=\"https:\/\/schema.org\/ImageObject\"  ><div class='avia-image-container-inner'><div class='avia-image-overlay-wrap'><img class='avia_image' src='https:\/\/criartescadas.com.br\/wp-content\/uploads\/2019\/09\/servicos_criartescadas2-300x150.jpg' alt='' title='servicos_criartescadas2' height=\"150\" width=\"300\"  itemprop=\"thumbnailUrl\"  \/><\/div><\/div><\/div><br \/>\n<div style='padding-bottom:10px; color:#333333;' class='av-special-heading av-special-heading-h2 custom-color-heading blockquote modern-quote modern-centered  avia-builder-el-7  el_after_av_image  avia-builder-el-last   '><h2 class='av-special-heading-tag '  itemprop=\"headline\"  >Escadas<\/h2><div class ='av-subheading av-subheading_below av_custom_color ' style='font-size:16px;'><p>Escadas Pr\u00e9 Moldadas<\/p>\n<\/div><div class='special-heading-border'><div class='special-heading-inner-border' style='border-color:#333333'><\/div><\/div><\/div><\/p><\/div><\/p>\n<div class=\"flex_column av_one_third  flex_column_div   avia-builder-el-8  el_after_av_one_third  el_before_av_one_third  column-top-margin\" ><p><div class='avia-image-container  av-styling-    avia-builder-el-9  el_before_av_heading  avia-builder-el-first   avia-align-center '  itemprop=\"image\" itemscope=\"itemscope\" itemtype=\"https:\/\/schema.org\/ImageObject\"  ><div class='avia-image-container-inner'><div class='avia-image-overlay-wrap'><img class='avia_image' src='https:\/\/criartescadas.com.br\/wp-content\/uploads\/2019\/09\/servicos_criartescadas-copiar-300x150.jpg' alt='' title='servicos_criartescadas copiar' height=\"150\" width=\"300\"  itemprop=\"thumbnailUrl\"  \/><\/div><\/div><\/div><br \/>\n<div style='padding-bottom:10px; color:#333333;' class='av-special-heading av-special-heading-h2 custom-color-heading blockquote modern-quote modern-centered  avia-builder-el-10  el_after_av_image  avia-builder-el-last   '><h2 class='av-special-heading-tag '  itemprop=\"headline\"  >Corrim\u00e3o<\/h2><div class ='av-subheading av-subheading_below av_custom_color ' style='font-size:16px;'><p>O melhor para o seu ambiente<\/p>\n<\/div><div class='special-heading-border'><div class='special-heading-inner-border' style='border-color:#333333'><\/div><\/div><\/div><\/p><\/div>\n<div class=\"flex_column av_one_third  flex_column_div   avia-builder-el-11  el_after_av_one_third  el_before_av_section  avia-builder-el-last  column-top-margin\" ><p><div class='avia-image-container  av-styling-    avia-builder-el-12  el_before_av_heading  avia-builder-el-first   avia-align-center '  itemprop=\"image\" itemscope=\"itemscope\" itemtype=\"https:\/\/schema.org\/ImageObject\"  ><div class='avia-image-container-inner'><div class='avia-image-overlay-wrap'><img class='avia_image' src='https:\/\/criartescadas.com.br\/wp-content\/uploads\/2019\/09\/servicos_criartescadas-300x150.jpg' alt='' title='servicos_criartescadas' height=\"150\" width=\"300\"  itemprop=\"thumbnailUrl\"  \/><\/div><\/div><\/div><br \/>\n<div style='padding-bottom:10px; color:#333333;' class='av-special-heading av-special-heading-h2 custom-color-heading blockquote modern-quote modern-centered  avia-builder-el-13  el_after_av_image  avia-builder-el-last   '><h2 class='av-special-heading-tag '  itemprop=\"headline\"  >Revestimento para Escadas<\/h2><div class ='av-subheading av-subheading_below av_custom_color ' style='font-size:16px;'><p>Revestimentos especiais<\/p>\n<\/div><div class='special-heading-border'><div class='special-heading-inner-border' style='border-color:#333333'><\/div><\/div><\/div><\/p><\/div>\n<\/div><\/div><\/div><!-- close content main div --><\/div><\/div><div id='av_section_1' class='avia-section main_color avia-section-default avia-no-border-styling avia-bg-style-scroll  avia-builder-el-14  el_after_av_one_third  avia-builder-el-last    container_wrap sidebar_right' style='background-color: #fcfcfc;  '  ><div class='container' ><div class='template-page content  av-content-small alpha units'><div class='post-entry post-entry-type-page post-entry-734'><div class='entry-content-wrapper clearfix'>\n<div class=\"flex_column av_one_full  flex_column_div first  avia-builder-el-15  avia-builder-el-no-sibling  \" ><p><div style='padding-bottom:10px; color:#6d6d6d;' class='av-special-heading av-special-heading-h2 custom-color-heading blockquote modern-quote  avia-builder-el-16  el_before_av_horizontal_gallery  avia-builder-el-no-sibling   '><h2 class='av-special-heading-tag '  itemprop=\"headline\"  >Revestimento para Escadas<\/h2><div class ='av-subheading av-subheading_below av_custom_color ' style='font-size:16px;'><p>Revestimentos especiais<\/p>\n<\/div><div class='special-heading-border'><div class='special-heading-inner-border' style='border-color:#6d6d6d'><\/div><\/div><\/div><br \/>\n<div class='av-horizontal-gallery av-horizontal-gallery-1px-gap av-horizontal-gallery-enlarge-effect av-horizontal-gallery-1  avia-builder-el-17  el_after_av_heading  avia-builder-el-last   av-control-minimal '  itemprop=\"image\" itemscope=\"itemscope\" itemtype=\"https:\/\/schema.org\/ImageObject\"  style='padding: 1.5% 0px;' data-av-enlarge='1.3'  ><div class='avia-slideshow-arrows avia-slideshow-controls'><a href='#prev' class='prev-slide av-horizontal-gallery-prev' aria-hidden='true' data-av_icon='\ue87c' data-av_iconfont='entypo-fontello'>Anterior<\/a><a href='#next' class='next-slide av-horizontal-gallery-next' aria-hidden='true' data-av_icon='\ue87d' data-av_iconfont='entypo-fontello'>Pr\u00f3ximo<\/a><\/div><div class='av-horizontal-gallery-inner' style='padding-bottom:10%' data-av-height='10'><div class='av-horizontal-gallery-slider'><div class='av-horizontal-gallery-wrap noHover'><img class='av-horizontal-gallery-img' width='300' height='203' src='https:\/\/criartescadas.com.br\/wp-content\/uploads\/2019\/09\/escada_reta_criartescada_6-300x203.jpg' title='escada_reta_criartescada_6' alt='' \/><a href='https:\/\/criartescadas.com.br\/wp-content\/uploads\/2019\/09\/escada_reta_criartescada_6.jpg'  class='av-horizontal-gallery-link' aria-hidden='true' data-av_icon='\ue869' data-av_iconfont='entypo-fontello' title=''><\/a><\/div><div class='av-horizontal-gallery-wrap noHover'><img class='av-horizontal-gallery-img' width='300' height='225' src='https:\/\/criartescadas.com.br\/wp-content\/uploads\/2019\/09\/escada_reta_criartescada_7-300x225.jpg' title='escada_reta_criartescada_7' alt='' \/><a href='https:\/\/criartescadas.com.br\/wp-content\/uploads\/2019\/09\/escada_reta_criartescada_7.jpg'  class='av-horizontal-gallery-link' aria-hidden='true' data-av_icon='\ue869' data-av_iconfont='entypo-fontello' title=''><\/a><\/div><div class='av-horizontal-gallery-wrap noHover'><img class='av-horizontal-gallery-img' width='225' height='300' src='https:\/\/criartescadas.com.br\/wp-content\/uploads\/2019\/09\/escada_reta_criartescada_3-225x300.jpg' title='escada_reta_criartescada_3' alt='' \/><a href='https:\/\/criartescadas.com.br\/wp-content\/uploads\/2019\/09\/escada_reta_criartescada_3.jpg'  class='av-horizontal-gallery-link' aria-hidden='true' data-av_icon='\ue869' data-av_iconfont='entypo-fontello' title=''><\/a><\/div><div class='av-horizontal-gallery-wrap noHover'><img class='av-horizontal-gallery-img' width='300' height='225' src='https:\/\/criartescadas.com.br\/wp-content\/uploads\/2019\/09\/escada_reta_criartescada_2-300x225.jpg' title='escada_reta_criartescada_2' alt='' \/><a href='https:\/\/criartescadas.com.br\/wp-content\/uploads\/2019\/09\/escada_reta_criartescada_2.jpg'  class='av-horizontal-gallery-link' aria-hidden='true' data-av_icon='\ue869' data-av_iconfont='entypo-fontello' title=''><\/a><\/div><div class='av-horizontal-gallery-wrap noHover'><img class='av-horizontal-gallery-img' width='300' height='225' src='https:\/\/criartescadas.com.br\/wp-content\/uploads\/2019\/09\/escada_reta_criartescada_8-300x225.jpg' title='escada_reta_criartescada_8' alt='' \/><a href='https:\/\/criartescadas.com.br\/wp-content\/uploads\/2019\/09\/escada_reta_criartescada_8.jpg'  class='av-horizontal-gallery-link' aria-hidden='true' data-av_icon='\ue869' data-av_iconfont='entypo-fontello' title=''><\/a><\/div><div class='av-horizontal-gallery-wrap noHover'><img class='av-horizontal-gallery-img' width='263' height='300' src='https:\/\/criartescadas.com.br\/wp-content\/uploads\/2019\/09\/escada_reta_criartescada_1-263x300.jpg' title='escada_reta_criartescada_1' alt='' \/><a href='https:\/\/criartescadas.com.br\/wp-content\/uploads\/2019\/09\/escada_reta_criartescada_1.jpg'  class='av-horizontal-gallery-link' aria-hidden='true' data-av_icon='\ue869' data-av_iconfont='entypo-fontello' title=''><\/a><\/div><div class='av-horizontal-gallery-wrap noHover'><img class='av-horizontal-gallery-img' width='300' height='225' src='https:\/\/criartescadas.com.br\/wp-content\/uploads\/2019\/09\/escada_L_criartescada_8-300x225.jpg' title='escada_L_criartescada_8' alt='' \/><a href='https:\/\/criartescadas.com.br\/wp-content\/uploads\/2019\/09\/escada_L_criartescada_8-1030x773.jpg'  class='av-horizontal-gallery-link' aria-hidden='true' data-av_icon='\ue869' data-av_iconfont='entypo-fontello' title=''><\/a><\/div><div class='av-horizontal-gallery-wrap noHover'><img class='av-horizontal-gallery-img' width='257' height='300' src='https:\/\/criartescadas.com.br\/wp-content\/uploads\/2019\/09\/escada_L_criartescada_7-257x300.jpg' title='escada_L_criartescada_7' alt='' \/><a href='https:\/\/criartescadas.com.br\/wp-content\/uploads\/2019\/09\/escada_L_criartescada_7.jpg'  class='av-horizontal-gallery-link' aria-hidden='true' data-av_icon='\ue869' data-av_iconfont='entypo-fontello' title=''><\/a><\/div><div class='av-horizontal-gallery-wrap noHover'><img class='av-horizontal-gallery-img' width='246' height='300' src='https:\/\/criartescadas.com.br\/wp-content\/uploads\/2019\/09\/escada_L_criartescada_6-246x300.jpg' title='escada_L_criartescada_6' alt='' \/><a href='https:\/\/criartescadas.com.br\/wp-content\/uploads\/2019\/09\/escada_L_criartescada_6.jpg'  class='av-horizontal-gallery-link' aria-hidden='true' data-av_icon='\ue869' data-av_iconfont='entypo-fontello' title=''><\/a><\/div><div class='av-horizontal-gallery-wrap noHover'><img class='av-horizontal-gallery-img' width='300' height='225' src='https:\/\/criartescadas.com.br\/wp-content\/uploads\/2019\/09\/escada_L_criartescada_5-300x225.jpg' title='escada_L_criartescada_5' alt='' \/><a href='https:\/\/criartescadas.com.br\/wp-content\/uploads\/2019\/09\/escada_L_criartescada_5.jpg'  class='av-horizontal-gallery-link' aria-hidden='true' data-av_icon='\ue869' data-av_iconfont='entypo-fontello' title=''><\/a><\/div><div class='av-horizontal-gallery-wrap noHover'><img class='av-horizontal-gallery-img' width='300' height='225' src='https:\/\/criartescadas.com.br\/wp-content\/uploads\/2019\/09\/escada_L_criartescada_4-300x225.jpg' title='escada_L_criartescada_4' alt='' \/><a href='https:\/\/criartescadas.com.br\/wp-content\/uploads\/2019\/09\/escada_L_criartescada_4.jpg'  class='av-horizontal-gallery-link' aria-hidden='true' data-av_icon='\ue869' data-av_iconfont='entypo-fontello' title=''><\/a><\/div><div class='av-horizontal-gallery-wrap noHover'><img class='av-horizontal-gallery-img' width='300' height='225' src='https:\/\/criartescadas.com.br\/wp-content\/uploads\/2019\/09\/escada_L_criartescada_3-300x225.jpeg' title='escada_L_criartescada_3' alt='' \/><a href='https:\/\/criartescadas.com.br\/wp-content\/uploads\/2019\/09\/escada_L_criartescada_3-1030x773.jpeg'  class='av-horizontal-gallery-link' aria-hidden='true' data-av_icon='\ue869' data-av_iconfont='entypo-fontello' title=''><\/a><\/div><div class='av-horizontal-gallery-wrap noHover'><img class='av-horizontal-gallery-img' width='300' height='286' src='https:\/\/criartescadas.com.br\/wp-content\/uploads\/2019\/09\/escada_L_criartescada_2-300x286.jpg' title='escada_L_criartescada_2' alt='' \/><a href='https:\/\/criartescadas.com.br\/wp-content\/uploads\/2019\/09\/escada_L_criartescada_2.jpg'  class='av-horizontal-gallery-link' aria-hidden='true' data-av_icon='\ue869' data-av_iconfont='entypo-fontello' title=''><\/a><\/div><div class='av-horizontal-gallery-wrap noHover'><img class='av-horizontal-gallery-img' width='225' height='300' src='https:\/\/criartescadas.com.br\/wp-content\/uploads\/2019\/09\/escada_L_criartescada_1-225x300.jpg' title='escada_L_criartescada_1' alt='' \/><a href='https:\/\/criartescadas.com.br\/wp-content\/uploads\/2019\/09\/escada_L_criartescada_1.jpg'  class='av-horizontal-gallery-link' aria-hidden='true' data-av_icon='\ue869' data-av_iconfont='entypo-fontello' title=''><\/a><\/div><\/div><\/div><\/div><\/p><\/div>\n<\/div><\/div><\/div><!-- close content main div --><\/div><\/div><div id='after_section_1' class='main_color av_default_container_wrap container_wrap sidebar_right' style=' '  ><div class='container' ><div class='template-page content  av-content-small alpha units'><div class='post-entry post-entry-type-page post-entry-734'><div class='entry-content-wrapper clearfix'>\n","protected":false},"excerpt":{"rendered":"<p>This is a Page excerpt. It will be displayed for search results<\/p>\n","protected":false},"author":1,"featured_media":0,"parent":0,"menu_order":0,"comment_status":"open","ping_status":"open","template":"","meta":{"footnotes":""},"class_list":["post-734","page","type-page","status-publish","hentry"],"yoast_head":"<!-- This site is optimized with the Yoast SEO plugin v26.9 - https:\/\/yoast.com\/product\/yoast-seo-wordpress\/ -->\n<title>Homepage - Criartescadas | Escadas Pr\u00e9 Moldadas<\/title>\n<meta name=\"robots\" content=\"index, follow, max-snippet:-1, max-image-preview:large, max-video-preview:-1\" \/>\n<link rel=\"canonical\" href=\"https:\/\/criartescadas.com.br\/?page_id=734\" \/>\n<meta property=\"og:locale\" content=\"pt_BR\" \/>\n<meta property=\"og:type\" content=\"article\" \/>\n<meta property=\"og:title\" content=\"Homepage - Criartescadas | Escadas Pr\u00e9 Moldadas\" \/>\n<meta property=\"og:description\" content=\"This is a Page excerpt. It will be displayed for search results\" \/>\n<meta property=\"og:url\" content=\"https:\/\/criartescadas.com.br\/?page_id=734\" \/>\n<meta property=\"og:site_name\" content=\"Criartescadas | Escadas Pr\u00e9 Moldadas\" \/>\n<meta property=\"article:modified_time\" content=\"2025-05-08T14:24:11+00:00\" \/>\n<meta name=\"twitter:card\" content=\"summary_large_image\" \/>\n<meta name=\"twitter:label1\" content=\"Est. tempo de leitura\" \/>\n\t<meta name=\"twitter:data1\" content=\"3 minutos\" \/>\n<script type=\"application\/ld+json\" class=\"yoast-schema-graph\">{\"@context\":\"https:\/\/schema.org\",\"@graph\":[{\"@type\":\"WebPage\",\"@id\":\"https:\/\/criartescadas.com.br\/?page_id=734\",\"url\":\"https:\/\/criartescadas.com.br\/?page_id=734\",\"name\":\"Homepage - Criartescadas | Escadas Pr\u00e9 Moldadas\",\"isPartOf\":{\"@id\":\"https:\/\/criartescadas.com.br\/#website\"},\"datePublished\":\"2013-04-01T15:37:54+00:00\",\"dateModified\":\"2025-05-08T14:24:11+00:00\",\"breadcrumb\":{\"@id\":\"https:\/\/criartescadas.com.br\/?page_id=734#breadcrumb\"},\"inLanguage\":\"pt-BR\",\"potentialAction\":[{\"@type\":\"ReadAction\",\"target\":[\"https:\/\/criartescadas.com.br\/?page_id=734\"]}]},{\"@type\":\"BreadcrumbList\",\"@id\":\"https:\/\/criartescadas.com.br\/?page_id=734#breadcrumb\",\"itemListElement\":[{\"@type\":\"ListItem\",\"position\":1,\"name\":\"In\u00edcio\",\"item\":\"https:\/\/criartescadas.com.br\/?page_id=734\"},{\"@type\":\"ListItem\",\"position\":2,\"name\":\"Homepage\"}]},{\"@type\":\"WebSite\",\"@id\":\"https:\/\/criartescadas.com.br\/#website\",\"url\":\"https:\/\/criartescadas.com.br\/\",\"name\":\"Criartescadas | Escadas Pr\u00e9 Moldadas\",\"description\":\"Escadas Pr\u00e9 Moldadas\",\"potentialAction\":[{\"@type\":\"SearchAction\",\"target\":{\"@type\":\"EntryPoint\",\"urlTemplate\":\"https:\/\/criartescadas.com.br\/?s={search_term_string}\"},\"query-input\":{\"@type\":\"PropertyValueSpecification\",\"valueRequired\":true,\"valueName\":\"search_term_string\"}}],\"inLanguage\":\"pt-BR\"}]}<\/script>\n<!-- \/ Yoast SEO plugin. -->","yoast_head_json":{"title":"Homepage - Criartescadas | Escadas Pr\u00e9 Moldadas","robots":{"index":"index","follow":"follow","max-snippet":"max-snippet:-1","max-image-preview":"max-image-preview:large","max-video-preview":"max-video-preview:-1"},"canonical":"https:\/\/criartescadas.com.br\/?page_id=734","og_locale":"pt_BR","og_type":"article","og_title":"Homepage - Criartescadas | Escadas Pr\u00e9 Moldadas","og_description":"This is a Page excerpt. It will be displayed for search results","og_url":"https:\/\/criartescadas.com.br\/?page_id=734","og_site_name":"Criartescadas | Escadas Pr\u00e9 Moldadas","article_modified_time":"2025-05-08T14:24:11+00:00","twitter_card":"summary_large_image","twitter_misc":{"Est. tempo de leitura":"3 minutos"},"schema":{"@context":"https:\/\/schema.org","@graph":[{"@type":"WebPage","@id":"https:\/\/criartescadas.com.br\/?page_id=734","url":"https:\/\/criartescadas.com.br\/?page_id=734","name":"Homepage - Criartescadas | Escadas Pr\u00e9 Moldadas","isPartOf":{"@id":"https:\/\/criartescadas.com.br\/#website"},"datePublished":"2013-04-01T15:37:54+00:00","dateModified":"2025-05-08T14:24:11+00:00","breadcrumb":{"@id":"https:\/\/criartescadas.com.br\/?page_id=734#breadcrumb"},"inLanguage":"pt-BR","potentialAction":[{"@type":"ReadAction","target":["https:\/\/criartescadas.com.br\/?page_id=734"]}]},{"@type":"BreadcrumbList","@id":"https:\/\/criartescadas.com.br\/?page_id=734#breadcrumb","itemListElement":[{"@type":"ListItem","position":1,"name":"In\u00edcio","item":"https:\/\/criartescadas.com.br\/?page_id=734"},{"@type":"ListItem","position":2,"name":"Homepage"}]},{"@type":"WebSite","@id":"https:\/\/criartescadas.com.br\/#website","url":"https:\/\/criartescadas.com.br\/","name":"Criartescadas | Escadas Pr\u00e9 Moldadas","description":"Escadas Pr\u00e9 Moldadas","potentialAction":[{"@type":"SearchAction","target":{"@type":"EntryPoint","urlTemplate":"https:\/\/criartescadas.com.br\/?s={search_term_string}"},"query-input":{"@type":"PropertyValueSpecification","valueRequired":true,"valueName":"search_term_string"}}],"inLanguage":"pt-BR"}]}},"_links":{"self":[{"href":"https:\/\/criartescadas.com.br\/index.php?rest_route=\/wp\/v2\/pages\/734","targetHints":{"allow":["GET"]}}],"collection":[{"href":"https:\/\/criartescadas.com.br\/index.php?rest_route=\/wp\/v2\/pages"}],"about":[{"href":"https:\/\/criartescadas.com.br\/index.php?rest_route=\/wp\/v2\/types\/page"}],"author":[{"embeddable":true,"href":"https:\/\/criartescadas.com.br\/index.php?rest_route=\/wp\/v2\/users\/1"}],"replies":[{"embeddable":true,"href":"https:\/\/criartescadas.com.br\/index.php?rest_route=%2Fwp%2Fv2%2Fcomments&post=734"}],"version-history":[{"count":56,"href":"https:\/\/criartescadas.com.br\/index.php?rest_route=\/wp\/v2\/pages\/734\/revisions"}],"predecessor-version":[{"id":3571,"href":"https:\/\/criartescadas.com.br\/index.php?rest_route=\/wp\/v2\/pages\/734\/revisions\/3571"}],"wp:attachment":[{"href":"https:\/\/criartescadas.com.br\/index.php?rest_route=%2Fwp%2Fv2%2Fmedia&parent=734"}],"curies":[{"name":"wp","href":"https:\/\/api.w.org\/{rel}","templated":true}]}}